{"id":1346,"date":"2016-02-29T14:17:43","date_gmt":"2016-02-29T13:17:43","guid":{"rendered":"https:\/\/ngm-cancer.com\/en\/?page_id=1346"},"modified":"2016-03-16T15:30:00","modified_gmt":"2016-03-16T14:30:00","slug":"service-invoicing","status":"publish","type":"page","link":"https:\/\/ngm-cancer.com\/en\/service-invoicing\/","title":{"rendered":"Service invoicing"},"content":{"rendered":"<p>[et_pb_section admin_label=&#8221;Sektion&#8221; global_module=&#8221;1255&#8243; fullwidth=&#8221;on&#8221; specialty=&#8221;off&#8221; transparent_background=&#8221;off&#8221; allow_player_pause=&#8221;off&#8221; inner_shadow=&#8221;off&#8221; parallax=&#8221;off&#8221; parallax_method=&#8221;off&#8221; padding_mobile=&#8221;off&#8221; make_fullwidth=&#8221;off&#8221; use_custom_width=&#8221;off&#8221; width_unit=&#8221;on&#8221; make_equal=&#8221;off&#8221; use_custom_gutter=&#8221;off&#8221;][et_pb_fullwidth_image global_parent=&#8221;1255&#8243; admin_label=&#8221;Volle Breite des Bildes&#8221; src=&#8221;https:\/\/ngm-cancer.com\/wp-content\/uploads\/2016\/02\/291_1920x400_iStock_000066163907_Double.jpg&#8221; show_in_lightbox=&#8221;off&#8221; url_new_window=&#8221;off&#8221; use_overlay=&#8221;off&#8221; animation=&#8221;left&#8221; use_border_color=&#8221;off&#8221; border_color=&#8221;#ffffff&#8221; border_style=&#8221;solid&#8221; custom_css_main_element=&#8221;max-height:350px;&#8221;] [\/et_pb_fullwidth_image][\/et_pb_section][et_pb_section admin_label=&#8221;section&#8221;][et_pb_row admin_label=&#8221;row&#8221;][et_pb_column type=&#8221;2_3&#8243;][et_pb_text admin_label=&#8221;Text&#8221; background_layout=&#8221;light&#8221; text_orientation=&#8221;left&#8221; use_border_color=&#8221;off&#8221; border_color=&#8221;#ffffff&#8221; border_style=&#8221;solid&#8221;]<\/p>\n<h1>Service invoicing<\/h1>\n<p>[\/et_pb_text][et_pb_text admin_label=&#8221;Text&#8221; background_layout=&#8221;light&#8221; text_orientation=&#8221;left&#8221; use_border_color=&#8221;off&#8221; border_color=&#8221;#ffffff&#8221; border_style=&#8221;solid&#8221;]<\/p>\n<p>The fundamental philosophy of the Network Genomic Medicine (NGM) is to conduct comprehensive diagnostics in any patient with a non-resectable lung tumor that clarifies all aspects of possible treatment decisions promptly and irrespective of the question of reimbursement. The participation of the attending physician and the patient in the integrated care is a prerequisite for this.<\/p>\n<p>[\/et_pb_text][\/et_pb_column][et_pb_column type=&#8221;1_3&#8243;][et_pb_image admin_label=&#8221;Bild&#8221; src=&#8221;https:\/\/ngm-cancer.com\/wp-content\/uploads\/2015\/12\/csm_leistungsabrechnung_Fotolia_53105774_S_2a3cf3ea73.jpg&#8221; alt=&#8221;Netzwerk Genomische Medizin (NGM) Lungenkrebs&#8221; show_in_lightbox=&#8221;off&#8221; url_new_window=&#8221;off&#8221; use_overlay=&#8221;off&#8221; animation=&#8221;fade_in&#8221; sticky=&#8221;off&#8221; align=&#8221;left&#8221; force_fullwidth=&#8221;off&#8221; always_center_on_mobile=&#8221;on&#8221; use_border_color=&#8221;off&#8221; border_color=&#8221;#ffffff&#8221; border_style=&#8221;solid&#8221;] [\/et_pb_image][\/et_pb_column][\/et_pb_row][et_pb_row admin_label=&#8221;Zeile&#8221;][et_pb_column type=&#8221;4_4&#8243;][et_pb_text admin_label=&#8221;Text&#8221; background_layout=&#8221;light&#8221; text_orientation=&#8221;left&#8221; use_border_color=&#8221;off&#8221; border_color=&#8221;#ffffff&#8221; border_style=&#8221;solid&#8221;]<\/p>\n<p>The costs for the molecular pathological diagnosis and a second opinion are covered by the health insurer for patients of the AOK Rheinland \/ Hamburg as part of an integrated care contract (IV) since 01.04.2014.<\/p>\n<p>In 2016 more health insurance companies cover the full cost of molecular diagnostics and second opinion within the framework of the integrated care. In patients with other health insurers, the network center requests reimbursement for the individual case, so that all costs will be covered in accordance with the IV contract \/ standard fee.<\/p>\n<p>[\/et_pb_text][et_pb_text admin_label=&#8221;Last Update&#8221; global_module=&#8221;1340&#8243; saved_tabs=&#8221;all&#8221; background_layout=&#8221;light&#8221; text_orientation=&#8221;left&#8221; use_border_color=&#8221;off&#8221; border_color=&#8221;#ffffff&#8221; border_style=&#8221;solid&#8221; module_class=&#8221;content-update&#8221;]<\/p>\n<p><em>Last update: <span class=\"last-modified-timestamp\">16. March 2016 , 15:30<\/span><\/em><\/p>\n<p>[\/et_pb_text][\/et_pb_column][\/et_pb_row][\/et_pb_section][et_pb_section admin_label=&#8221;section&#8221; global_module=&#8221;1336&#8243; fullwidth=&#8221;off&#8221; transparent_background=&#8221;off&#8221; background_color=&#8221;#eeeeee&#8221; allow_player_pause=&#8221;off&#8221; inner_shadow=&#8221;off&#8221; parallax=&#8221;on&#8221; parallax_method=&#8221;on&#8221; padding_mobile=&#8221;off&#8221; make_fullwidth=&#8221;off&#8221; use_custom_width=&#8221;off&#8221; width_unit=&#8221;on&#8221; make_equal=&#8221;off&#8221; use_custom_gutter=&#8221;off&#8221; gutter_width=&#8221;3&#8243; background_image=&#8221;https:\/\/ngm-cancer.com\/wp-content\/uploads\/2015\/12\/291_ngm_BG-t5.png&#8221;][et_pb_row global_parent=&#8221;1336&#8243; admin_label=&#8221;row&#8221; make_fullwidth=&#8221;off&#8221; use_custom_width=&#8221;off&#8221; width_unit=&#8221;on&#8221; use_custom_gutter=&#8221;off&#8221; gutter_width=&#8221;3&#8243; padding_mobile=&#8221;off&#8221; allow_player_pause=&#8221;off&#8221; parallax=&#8221;off&#8221; parallax_method=&#8221;on&#8221; make_equal=&#8221;on&#8221; parallax_1=&#8221;off&#8221; parallax_method_1=&#8221;off&#8221; background_color_1=&#8221;#ffffff&#8221; padding_top_1=&#8221;50px&#8221; padding_right_1=&#8221;32px&#8221; padding_bottom_1=&#8221;50px&#8221; padding_left_1=&#8221;32px&#8221; parallax_2=&#8221;off&#8221; parallax_method_2=&#8221;off&#8221; background_color_2=&#8221;#ffffff&#8221; padding_top_2=&#8221;50px&#8221; padding_right_2=&#8221;32px&#8221; padding_bottom_2=&#8221;50px&#8221; padding_left_2=&#8221;32px&#8221; parallax_3=&#8221;off&#8221; parallax_method_3=&#8221;off&#8221; background_color_3=&#8221;#ffffff&#8221; padding_top_3=&#8221;50px&#8221; padding_right_3=&#8221;32px&#8221; padding_bottom_3=&#8221;50px&#8221; padding_left_3=&#8221;32px&#8221; column_padding_mobile=&#8221;on&#8221; module_id=&#8221;pseudofooter-row&#8221;][et_pb_column type=&#8221;1_3&#8243;][et_pb_blurb global_parent=&#8221;1336&#8243; admin_label=&#8221;Molekulare Diagnostik&#8221; title=&#8221;Molecular diagnostics&#8221; url_new_window=&#8221;off&#8221; animation=&#8221;off&#8221; background_layout=&#8221;light&#8221; text_orientation=&#8221;center&#8221; icon_placement=&#8221;top&#8221; font_icon=&#8221;%%103%%&#8221; use_icon=&#8221;on&#8221; use_circle=&#8221;off&#8221; use_circle_border=&#8221;off&#8221; icon_color=&#8221;#3b78aa&#8221; circle_color=&#8221;#81d742&#8243; circle_border_color=&#8221;#2caaca&#8221; url=&#8221;\/?p=74\/&#8221; use_icon_font_size=&#8221;off&#8221; use_border_color=&#8221;off&#8221; border_color=&#8221;#ffffff&#8221; border_style=&#8221;solid&#8221; header_line_height=&#8221;1.5em&#8221;] As the first group in Europe, the Network Genomic Medicine has offered a comprehensive analysis of tumor material since 2012. By means of a multiplex-test in combination with highly sensitive deep sequencing even rare gene mutations in the smallest tissue samples are detected reliably [\/et_pb_blurb][et_pb_divider global_parent=&#8221;1336&#8243; admin_label=&#8221;Teiler&#8221; color=&#8221;#ffffff&#8221; show_divider=&#8221;off&#8221; divider_style=&#8221;solid&#8221; divider_position=&#8221;top&#8221; hide_on_mobile=&#8221;on&#8221; height=&#8221;2&#8243;] [\/et_pb_divider][et_pb_cta global_parent=&#8221;1336&#8243; admin_label=&#8221;Diagnostik&#8221; button_url=&#8221;https:\/\/ngm-cancer.com\/en\/diagnostics\/&#8221; url_new_window=&#8221;off&#8221; button_text=&#8221;Diagnostics&#8221; use_background_color=&#8221;off&#8221; background_color=&#8221;#4d9acf&#8221; background_layout=&#8221;light&#8221; text_orientation=&#8221;center&#8221; use_border_color=&#8221;off&#8221; border_color=&#8221;#ffffff&#8221; border_style=&#8221;solid&#8221; custom_button=&#8221;off&#8221; button_text_size=&#8221;16&#8243; button_border_radius=&#8221;0&#8243; button_letter_spacing=&#8221;0&#8243; button_use_icon=&#8221;default&#8221; button_icon_placement=&#8221;right&#8221; button_on_hover=&#8221;on&#8221; button_border_radius_hover=&#8221;0&#8243; button_letter_spacing_hover=&#8221;0&#8243;] [\/et_pb_cta][\/et_pb_column][et_pb_column type=&#8221;1_3&#8243;][et_pb_blurb global_parent=&#8221;1336&#8243; admin_label=&#8221;Second opinion&#8221; title=&#8221;Second opinion&#8221; url_new_window=&#8221;off&#8221; animation=&#8221;off&#8221; background_layout=&#8221;light&#8221; text_orientation=&#8221;center&#8221; icon_placement=&#8221;top&#8221; font_icon=&#8221;%%86%%&#8221; use_icon=&#8221;on&#8221; use_circle=&#8221;off&#8221; use_circle_border=&#8221;off&#8221; icon_color=&#8221;#3b78aa&#8221; circle_color=&#8221;#999999&#8243; circle_border_color=&#8221;#2caaca&#8221; url=&#8221;\/?p=76\/&#8221; use_icon_font_size=&#8221;off&#8221; use_border_color=&#8221;off&#8221; border_color=&#8221;#ffffff&#8221; border_style=&#8221;solid&#8221; header_line_height=&#8221;1.5em&#8221;] Do you have questions about your disease or your current therapy? Or maybe you would like to know if for you a personalized treatment approach or immunotherapy might be considered. Please feel free to contact us! [\/et_pb_blurb][et_pb_divider global_parent=&#8221;1336&#8243; admin_label=&#8221;Teiler&#8221; color=&#8221;#ffffff&#8221; show_divider=&#8221;off&#8221; height=&#8221;53&#8243; divider_style=&#8221;solid&#8221; divider_position=&#8221;top&#8221; hide_on_mobile=&#8221;on&#8221;] [\/et_pb_divider][et_pb_cta global_parent=&#8221;1336&#8243; admin_label=&#8221;Zweitmeinung&#8221; button_url=&#8221;https:\/\/ngm-cancer.com\/en\/second-opinion-service\/&#8221; url_new_window=&#8221;off&#8221; button_text=&#8221;Second Opinion&#8221; use_background_color=&#8221;off&#8221; background_color=&#8221;#4d9acf&#8221; background_layout=&#8221;light&#8221; text_orientation=&#8221;center&#8221; use_border_color=&#8221;off&#8221; border_color=&#8221;#ffffff&#8221; border_style=&#8221;solid&#8221; custom_button=&#8221;off&#8221; button_text_size=&#8221;16&#8243; button_border_radius=&#8221;0&#8243; button_letter_spacing=&#8221;0&#8243; button_use_icon=&#8221;default&#8221; button_icon_placement=&#8221;right&#8221; button_on_hover=&#8221;on&#8221; button_border_radius_hover=&#8221;0&#8243; button_letter_spacing_hover=&#8221;0&#8243;] [\/et_pb_cta][\/et_pb_column][et_pb_column type=&#8221;1_3&#8243;][et_pb_blurb global_parent=&#8221;1336&#8243; admin_label=&#8221;Clinical trials&#8221; title=&#8221;Clinical trials&#8221; url_new_window=&#8221;off&#8221; animation=&#8221;off&#8221; background_layout=&#8221;light&#8221; text_orientation=&#8221;center&#8221; icon_placement=&#8221;top&#8221; font_icon=&#8221;%%77%%&#8221; use_icon=&#8221;on&#8221; use_circle=&#8221;off&#8221; use_circle_border=&#8221;off&#8221; icon_color=&#8221;#3b78aa&#8221; circle_color=&#8221;#81d742&#8243; circle_border_color=&#8221;#2caaca&#8221; url=&#8221;\/?p=76\/&#8221; use_icon_font_size=&#8221;off&#8221; use_border_color=&#8221;off&#8221; border_color=&#8221;#ffffff&#8221; border_style=&#8221;solid&#8221; header_line_height=&#8221;1.5em&#8221;] At the Network Genomic Medicine we try to offer an appropriate clinical trial testing a new drug to all our patients who have a detected mutation, for which there has no drug been approved for treatment yet. For that we work closely together with the Lung Cancer Group Cologne. [\/et_pb_blurb][et_pb_divider global_parent=&#8221;1336&#8243; admin_label=&#8221;Teiler&#8221; color=&#8221;#ffffff&#8221; show_divider=&#8221;off&#8221; height=&#8221;2&#8243; divider_style=&#8221;solid&#8221; divider_position=&#8221;top&#8221; hide_on_mobile=&#8221;on&#8221;] [\/et_pb_divider][et_pb_cta global_parent=&#8221;1336&#8243; admin_label=&#8221;Studien&#8221; button_url=&#8221;https:\/\/ngm-cancer.com\/en\/clinical-trials\/&#8221; url_new_window=&#8221;off&#8221; button_text=&#8221;Trials&#8221; use_background_color=&#8221;off&#8221; background_color=&#8221;#4d9acf&#8221; background_layout=&#8221;light&#8221; text_orientation=&#8221;center&#8221; use_border_color=&#8221;off&#8221; border_color=&#8221;#ffffff&#8221; border_style=&#8221;solid&#8221; custom_button=&#8221;off&#8221; button_text_size=&#8221;16&#8243; button_border_radius=&#8221;0&#8243; button_letter_spacing=&#8221;0&#8243; button_use_icon=&#8221;default&#8221; button_icon_placement=&#8221;right&#8221; button_on_hover=&#8221;on&#8221; button_border_radius_hover=&#8221;0&#8243; button_letter_spacing_hover=&#8221;0&#8243;] [\/et_pb_cta][\/et_pb_column][\/et_pb_row][\/et_pb_section]<\/p>\n","protected":false},"excerpt":{"rendered":"<p>Service invoicing The fundamental philosophy of the Network Genomic Medicine (NGM) is to conduct comprehensive diagnostics in any patient with a non-resectable lung tumor that clarifies all aspects of possible treatment decisions promptly and irrespective of the question of reimbursement. The participation of the attending physician and the patient in the integrated care is a [&hellip;]<\/p>\n","protected":false},"author":7,"featured_media":0,"parent":0,"menu_order":31,"comment_status":"closed","ping_status":"closed","template":"","meta":{"_et_pb_use_builder":"on","_et_pb_old_content":"<p>Die grunds\u00e4tzliche Philosophie im Netzwerk Genomische Medizin (NGM) besteht darin, bei jedem Patienten mit einem nicht resektablen, b\u00f6sartigen Lungentumor eine umfassende Diagnostik durchzuf\u00fchren, die alle Aspekte m\u00f6glicher Therapieentscheidungen zeitnah und unabh\u00e4ngig von der Frage einer Kostenerstattung abkl\u00e4rt. Voraussetzung hierf\u00fcr ist eine Teilnahme des behandelnden Arztes und des Patienten an der <a class=\"internal-link\" href=\"http:\/\/www.ngm-cancer.com\/aerzte\/netzwerkmitglieder\/mitglied-werden\/\">Integrierten Versorgung<\/a>.<\/p>","_et_gb_content_width":""},"kontext":[],"_links":{"self":[{"href":"https:\/\/ngm-cancer.com\/en\/wp-json\/wp\/v2\/pages\/1346"}],"collection":[{"href":"https:\/\/ngm-cancer.com\/en\/wp-json\/wp\/v2\/pages"}],"about":[{"href":"https:\/\/ngm-cancer.com\/en\/wp-json\/wp\/v2\/types\/page"}],"author":[{"embeddable":true,"href":"https:\/\/ngm-cancer.com\/en\/wp-json\/wp\/v2\/users\/7"}],"replies":[{"embeddable":true,"href":"https:\/\/ngm-cancer.com\/en\/wp-json\/wp\/v2\/comments?post=1346"}],"version-history":[{"count":1,"href":"https:\/\/ngm-cancer.com\/en\/wp-json\/wp\/v2\/pages\/1346\/revisions"}],"predecessor-version":[{"id":2192,"href":"https:\/\/ngm-cancer.com\/en\/wp-json\/wp\/v2\/pages\/1346\/revisions\/2192"}],"wp:attachment":[{"href":"https:\/\/ngm-cancer.com\/en\/wp-json\/wp\/v2\/media?parent=1346"}],"wp:term":[{"taxonomy":"kontext","embeddable":true,"href":"https:\/\/ngm-cancer.com\/en\/wp-json\/wp\/v2\/kontext?post=1346"}],"curies":[{"name":"wp","href":"https:\/\/api.w.org\/{rel}","templated":true}]}}