{"id":1387,"date":"2016-03-01T11:30:11","date_gmt":"2016-03-01T10:30:11","guid":{"rendered":"https:\/\/ngm-cancer.com\/en\/?page_id=1387"},"modified":"2016-03-01T11:30:58","modified_gmt":"2016-03-01T10:30:58","slug":"funding","status":"publish","type":"page","link":"https:\/\/ngm-cancer.com\/en\/the-network\/funding\/","title":{"rendered":"Funding"},"content":{"rendered":"<p>[et_pb_section admin_label=&#8221;Sektion&#8221; global_module=&#8221;1251&#8243; fullwidth=&#8221;on&#8221; specialty=&#8221;off&#8221; transparent_background=&#8221;off&#8221; allow_player_pause=&#8221;off&#8221; inner_shadow=&#8221;off&#8221; parallax=&#8221;off&#8221; parallax_method=&#8221;off&#8221; padding_mobile=&#8221;off&#8221; make_fullwidth=&#8221;off&#8221; use_custom_width=&#8221;off&#8221; width_unit=&#8221;on&#8221; make_equal=&#8221;off&#8221; use_custom_gutter=&#8221;off&#8221;][et_pb_fullwidth_image global_parent=&#8221;1251&#8243; admin_label=&#8221;Volle Breite des Bildes&#8221; src=&#8221;https:\/\/ngm-cancer.com\/wp-content\/uploads\/2016\/02\/291_1920x400_iStock_000066163907_Double.jpg&#8221; show_in_lightbox=&#8221;off&#8221; url_new_window=&#8221;off&#8221; use_overlay=&#8221;off&#8221; animation=&#8221;left&#8221; use_border_color=&#8221;off&#8221; border_color=&#8221;#ffffff&#8221; border_style=&#8221;solid&#8221; custom_css_main_element=&#8221;height:350px;&#8221;]<br \/>\n[\/et_pb_fullwidth_image][\/et_pb_section][et_pb_section admin_label=&#8221;section&#8221; fullwidth=&#8221;off&#8221; transparent_background=&#8221;off&#8221; background_color=&#8221;#ffffff&#8221; allow_player_pause=&#8221;off&#8221; inner_shadow=&#8221;off&#8221; parallax=&#8221;on&#8221; parallax_method=&#8221;on&#8221; padding_mobile=&#8221;off&#8221; make_fullwidth=&#8221;off&#8221; use_custom_width=&#8221;off&#8221; width_unit=&#8221;on&#8221; make_equal=&#8221;off&#8221; use_custom_gutter=&#8221;off&#8221; gutter_width=&#8221;3&#8243;][et_pb_row admin_label=&#8221;row&#8221; global_parent=&#8221;301&#8243; make_fullwidth=&#8221;off&#8221; use_custom_width=&#8221;off&#8221; width_unit=&#8221;on&#8221; use_custom_gutter=&#8221;off&#8221; gutter_width=&#8221;3&#8243; padding_mobile=&#8221;off&#8221; allow_player_pause=&#8221;off&#8221; parallax=&#8221;off&#8221; parallax_method=&#8221;off&#8221; make_equal=&#8221;off&#8221; parallax_1=&#8221;off&#8221; parallax_method_1=&#8221;off&#8221; parallax_2=&#8221;off&#8221; parallax_method_2=&#8221;off&#8221; column_padding_mobile=&#8221;on&#8221; background_color_1=&#8221;#ffffff&#8221;][et_pb_column type=&#8221;4_4&#8243;][et_pb_post_title admin_label=&#8221;Posttitel&#8221; title=&#8221;on&#8221; meta=&#8221;off&#8221; author=&#8221;on&#8221; date=&#8221;on&#8221; categories=&#8221;on&#8221; comments=&#8221;on&#8221; featured_image=&#8221;off&#8221; featured_placement=&#8221;below&#8221; parallax_effect=&#8221;on&#8221; parallax_method=&#8221;on&#8221; text_orientation=&#8221;left&#8221; text_color=&#8221;dark&#8221; text_background=&#8221;off&#8221; text_bg_color=&#8221;rgba(255,255,255,0.9)&#8221; module_bg_color=&#8221;rgba(255,255,255,0)&#8221; title_all_caps=&#8221;off&#8221; use_border_color=&#8221;off&#8221; border_color=&#8221;#ffffff&#8221; border_style=&#8221;solid&#8221;]<br \/>\n[\/et_pb_post_title][et_pb_text admin_label=&#8221;Text&#8221; background_layout=&#8221;light&#8221; text_orientation=&#8221;left&#8221; use_border_color=&#8221;off&#8221; border_color=&#8221;#ffffff&#8221; border_style=&#8221;solid&#8221;]<\/p>\n<h3>Ministry for Innovation, Science and Research of North-Rhine Westphalia<\/h3>\n<p>[\/et_pb_text][et_pb_text admin_label=&#8221;Text&#8221; global_parent=&#8221;301&#8243; background_layout=&#8221;light&#8221; text_orientation=&#8221;left&#8221; use_border_color=&#8221;off&#8221; border_color=&#8221;#ffffff&#8221; border_style=&#8221;solid&#8221;]<\/p>\n<p>Funded by the NRW-EU Objective 2 program within the &#8220;European Regional Development Fund&#8221; (ERDF).<\/p>\n<h4>Collaborative project:<\/h4>\n<p>Development of second generaion TKI and diagnostics for personalized treatment of patients with EGFR and FGFR-dependent tumors (coordinator Roman Thomas).<\/p>\n<h4>Partners:<\/h4>\n<p>University of Cologne (Roman Thomas, Reinhard B\u00fcttner, J\u00fcrgen Wolf), Lead Discovery Center GmbH Dortmund, Dortmund University of Technology.<br \/>\nUniversit\u00e4t K\u00f6ln (Roman Thomas, Reinhard B\u00fcttner, J\u00fcrgen Wolf), Lead Discovery Center GmbH Dortmund, Technische Universit\u00e4t Dortmund<\/p>\n<p>[\/et_pb_text][\/et_pb_column][\/et_pb_row][et_pb_row admin_label=&#8221;row&#8221; global_parent=&#8221;301&#8243; make_fullwidth=&#8221;off&#8221; use_custom_width=&#8221;off&#8221; width_unit=&#8221;on&#8221; use_custom_gutter=&#8221;off&#8221; gutter_width=&#8221;3&#8243; padding_mobile=&#8221;off&#8221; allow_player_pause=&#8221;off&#8221; parallax=&#8221;off&#8221; parallax_method=&#8221;off&#8221; make_equal=&#8221;off&#8221; parallax_1=&#8221;off&#8221; parallax_method_1=&#8221;off&#8221; parallax_2=&#8221;off&#8221; parallax_method_2=&#8221;off&#8221; column_padding_mobile=&#8221;on&#8221; background_color_1=&#8221;#ffffff&#8221;][et_pb_column type=&#8221;4_4&#8243;][et_pb_gallery admin_label=&#8221;F\u00f6rderer&#8221; gallery_ids=&#8221;319,317,318&#8243; fullwidth=&#8221;off&#8221; posts_number=&#8221;3&#8243; show_title_and_caption=&#8221;off&#8221; show_pagination=&#8221;off&#8221; background_layout=&#8221;light&#8221; auto=&#8221;off&#8221; hover_overlay_color=&#8221;rgba(255,255,255,0.9)&#8221; caption_font_size=&#8221;14&#8243; caption_all_caps=&#8221;off&#8221; title_font_size=&#8221;16&#8243; use_border_color=&#8221;off&#8221; border_color=&#8221;#ffffff&#8221; border_style=&#8221;solid&#8221;]<br \/>\n[\/et_pb_gallery][\/et_pb_column][\/et_pb_row][et_pb_row admin_label=&#8221;Letzte \u00c4nderung der Inhalte DE&#8221; make_fullwidth=&#8221;off&#8221; use_custom_width=&#8221;off&#8221; width_unit=&#8221;on&#8221; use_custom_gutter=&#8221;off&#8221; gutter_width=&#8221;3&#8243; padding_mobile=&#8221;off&#8221; module_id=&#8221;content-update&#8221; allow_player_pause=&#8221;off&#8221; parallax=&#8221;off&#8221; parallax_method=&#8221;off&#8221; make_equal=&#8221;off&#8221; parallax_1=&#8221;off&#8221; parallax_method_1=&#8221;off&#8221; column_padding_mobile=&#8221;on&#8221;][et_pb_column type=&#8221;4_4&#8243;][et_pb_text admin_label=&#8221;Last Update&#8221; global_module=&#8221;1340&#8243; saved_tabs=&#8221;all&#8221; background_layout=&#8221;light&#8221; text_orientation=&#8221;left&#8221; use_border_color=&#8221;off&#8221; border_color=&#8221;#ffffff&#8221; border_style=&#8221;solid&#8221; module_class=&#8221;content-update&#8221;]<\/p>\n<p><em>Last update: <span class=\"last-modified-timestamp\">01. March 2016 , 11:30<\/span><\/em><\/p>\n<p>[\/et_pb_text][\/et_pb_column][\/et_pb_row][\/et_pb_section][et_pb_section admin_label=&#8221;section&#8221; global_module=&#8221;1336&#8243; fullwidth=&#8221;off&#8221; transparent_background=&#8221;off&#8221; background_color=&#8221;#eeeeee&#8221; allow_player_pause=&#8221;off&#8221; inner_shadow=&#8221;off&#8221; parallax=&#8221;on&#8221; parallax_method=&#8221;on&#8221; padding_mobile=&#8221;off&#8221; make_fullwidth=&#8221;off&#8221; use_custom_width=&#8221;off&#8221; width_unit=&#8221;on&#8221; make_equal=&#8221;off&#8221; use_custom_gutter=&#8221;off&#8221; gutter_width=&#8221;3&#8243; background_image=&#8221;https:\/\/ngm-cancer.com\/wp-content\/uploads\/2015\/12\/291_ngm_BG-t5.png&#8221;][et_pb_row global_parent=&#8221;1336&#8243; admin_label=&#8221;row&#8221; make_fullwidth=&#8221;off&#8221; use_custom_width=&#8221;off&#8221; width_unit=&#8221;on&#8221; use_custom_gutter=&#8221;off&#8221; gutter_width=&#8221;3&#8243; padding_mobile=&#8221;off&#8221; allow_player_pause=&#8221;off&#8221; parallax=&#8221;off&#8221; parallax_method=&#8221;on&#8221; make_equal=&#8221;on&#8221; parallax_1=&#8221;off&#8221; parallax_method_1=&#8221;off&#8221; background_color_1=&#8221;#ffffff&#8221; padding_top_1=&#8221;50px&#8221; padding_right_1=&#8221;32px&#8221; padding_bottom_1=&#8221;50px&#8221; padding_left_1=&#8221;32px&#8221; parallax_2=&#8221;off&#8221; parallax_method_2=&#8221;off&#8221; background_color_2=&#8221;#ffffff&#8221; padding_top_2=&#8221;50px&#8221; padding_right_2=&#8221;32px&#8221; padding_bottom_2=&#8221;50px&#8221; padding_left_2=&#8221;32px&#8221; parallax_3=&#8221;off&#8221; parallax_method_3=&#8221;off&#8221; background_color_3=&#8221;#ffffff&#8221; padding_top_3=&#8221;50px&#8221; padding_right_3=&#8221;32px&#8221; padding_bottom_3=&#8221;50px&#8221; padding_left_3=&#8221;32px&#8221; column_padding_mobile=&#8221;on&#8221; module_id=&#8221;pseudofooter-row&#8221;][et_pb_column type=&#8221;1_3&#8243;][et_pb_blurb global_parent=&#8221;1336&#8243; admin_label=&#8221;Molekulare Diagnostik&#8221; title=&#8221;Molecular diagnostics&#8221; url_new_window=&#8221;off&#8221; animation=&#8221;off&#8221; background_layout=&#8221;light&#8221; text_orientation=&#8221;center&#8221; icon_placement=&#8221;top&#8221; font_icon=&#8221;%103%&#8221; use_icon=&#8221;on&#8221; use_circle=&#8221;off&#8221; use_circle_border=&#8221;off&#8221; icon_color=&#8221;#3b78aa&#8221; circle_color=&#8221;#81d742&#8243; circle_border_color=&#8221;#2caaca&#8221; url=&#8221;\/?p=74\/&#8221; use_icon_font_size=&#8221;off&#8221; use_border_color=&#8221;off&#8221; border_color=&#8221;#ffffff&#8221; border_style=&#8221;solid&#8221; header_line_height=&#8221;1.5em&#8221;]<\/p>\n<p>As the first group in Europe, the Network Genomic Medicine has offered a comprehensive analysis of tumor material since 2012. By means of a multiplex-test in combination with highly sensitive deep sequencing even rare gene mutations in the smallest tissue samples are detected reliably<\/p>\n<p>[\/et_pb_blurb][et_pb_divider global_parent=&#8221;1336&#8243; admin_label=&#8221;Teiler&#8221; color=&#8221;#ffffff&#8221; show_divider=&#8221;off&#8221; divider_style=&#8221;solid&#8221; divider_position=&#8221;top&#8221; divider_weight=&#8221;1&#8243; hide_on_mobile=&#8221;on&#8221; height=&#8221;2&#8243;]<br \/>\n[\/et_pb_divider][et_pb_cta global_parent=&#8221;1336&#8243; admin_label=&#8221;Diagnostik&#8221; button_url=&#8221;\/molekularpathologie\/diagnostik\/&#8221; url_new_window=&#8221;off&#8221; button_text=&#8221;Diagnostik&#8221; use_background_color=&#8221;off&#8221; background_color=&#8221;#4d9acf&#8221; background_layout=&#8221;light&#8221; text_orientation=&#8221;center&#8221; use_border_color=&#8221;off&#8221; border_color=&#8221;#ffffff&#8221; border_style=&#8221;solid&#8221; custom_button=&#8221;off&#8221; button_text_size=&#8221;16&#8243; button_border_radius=&#8221;0&#8243; button_letter_spacing=&#8221;0&#8243; button_use_icon=&#8221;default&#8221; button_icon_placement=&#8221;right&#8221; button_on_hover=&#8221;on&#8221; button_border_radius_hover=&#8221;0&#8243; button_letter_spacing_hover=&#8221;0&#8243;]<br \/>\n[\/et_pb_cta][\/et_pb_column][et_pb_column type=&#8221;1_3&#8243;][et_pb_blurb global_parent=&#8221;1336&#8243; admin_label=&#8221;Second opinion&#8221; title=&#8221;Second opinion&#8221; url_new_window=&#8221;off&#8221; animation=&#8221;off&#8221; background_layout=&#8221;light&#8221; text_orientation=&#8221;center&#8221; icon_placement=&#8221;top&#8221; font_icon=&#8221;%86%&#8221; use_icon=&#8221;on&#8221; use_circle=&#8221;off&#8221; use_circle_border=&#8221;off&#8221; icon_color=&#8221;#3b78aa&#8221; circle_color=&#8221;#999999&#8243; circle_border_color=&#8221;#2caaca&#8221; url=&#8221;\/?p=76\/&#8221; use_icon_font_size=&#8221;off&#8221; use_border_color=&#8221;off&#8221; border_color=&#8221;#ffffff&#8221; border_style=&#8221;solid&#8221; header_line_height=&#8221;1.5em&#8221;]<\/p>\n<p>Do you have questions about your disease or your current therapy? Or maybe you would like to know if for you a personalized treatment approach or immunotherapy might be considered. Please feel free to contact us!<\/p>\n<p>[\/et_pb_blurb][et_pb_divider global_parent=&#8221;1336&#8243; admin_label=&#8221;Teiler&#8221; color=&#8221;#ffffff&#8221; show_divider=&#8221;off&#8221; height=&#8221;32&#8243; divider_style=&#8221;solid&#8221; divider_position=&#8221;top&#8221; divider_weight=&#8221;1&#8243; hide_on_mobile=&#8221;on&#8221;]<br \/>\n[\/et_pb_divider][et_pb_cta global_parent=&#8221;1336&#8243; admin_label=&#8221;Zweitmeinung&#8221; button_url=&#8221;\/?p=76\/&#8221; url_new_window=&#8221;off&#8221; button_text=&#8221;Zweitmeinung&#8221; use_background_color=&#8221;off&#8221; background_color=&#8221;#4d9acf&#8221; background_layout=&#8221;light&#8221; text_orientation=&#8221;center&#8221; header_font_size=&#8221;26&#8243; body_font_size=&#8221;14&#8243; use_border_color=&#8221;off&#8221; border_color=&#8221;#ffffff&#8221; border_style=&#8221;solid&#8221; custom_button=&#8221;off&#8221; button_text_size=&#8221;16&#8243; button_border_width=&#8221;2&#8243; button_border_radius=&#8221;0&#8243; button_letter_spacing=&#8221;0&#8243; button_use_icon=&#8221;default&#8221; button_icon_placement=&#8221;right&#8221; button_on_hover=&#8221;on&#8221; button_border_radius_hover=&#8221;0&#8243; button_letter_spacing_hover=&#8221;0&#8243;]<br \/>\n[\/et_pb_cta][\/et_pb_column][et_pb_column type=&#8221;1_3&#8243;][et_pb_blurb global_parent=&#8221;1336&#8243; admin_label=&#8221;Clinical trials&#8221; title=&#8221;Clinical trials&#8221; url_new_window=&#8221;off&#8221; animation=&#8221;off&#8221; background_layout=&#8221;light&#8221; text_orientation=&#8221;center&#8221; icon_placement=&#8221;top&#8221; font_icon=&#8221;%77%&#8221; use_icon=&#8221;on&#8221; use_circle=&#8221;off&#8221; use_circle_border=&#8221;off&#8221; icon_color=&#8221;#3b78aa&#8221; circle_color=&#8221;#81d742&#8243; circle_border_color=&#8221;#2caaca&#8221; url=&#8221;\/?p=76\/&#8221; use_icon_font_size=&#8221;off&#8221; use_border_color=&#8221;off&#8221; border_color=&#8221;#ffffff&#8221; border_style=&#8221;solid&#8221; header_line_height=&#8221;1.5em&#8221;]<\/p>\n<p>At the Network Genomic Medicine we try to offer an appropriate clinical trial testing a new drug to all our patients who have a detected mutation, for which there has no drug been approved for treatment yet. For that we work closely together with the Lung Cancer Group Cologne.<\/p>\n<p>[\/et_pb_blurb][et_pb_divider global_parent=&#8221;1336&#8243; admin_label=&#8221;Teiler&#8221; color=&#8221;#ffffff&#8221; show_divider=&#8221;off&#8221; height=&#8221;32&#8243; divider_style=&#8221;solid&#8221; divider_position=&#8221;top&#8221; divider_weight=&#8221;1&#8243; hide_on_mobile=&#8221;on&#8221;]<br \/>\n[\/et_pb_divider][et_pb_cta global_parent=&#8221;1336&#8243; admin_label=&#8221;Studien&#8221; button_url=&#8221;\/?p=78\/&#8221; url_new_window=&#8221;off&#8221; button_text=&#8221;Studien&#8221; use_background_color=&#8221;off&#8221; background_color=&#8221;#4d9acf&#8221; background_layout=&#8221;light&#8221; text_orientation=&#8221;center&#8221; header_font_size=&#8221;26&#8243; body_font_size=&#8221;14&#8243; use_border_color=&#8221;off&#8221; border_color=&#8221;#ffffff&#8221; border_style=&#8221;solid&#8221; custom_button=&#8221;off&#8221; button_text_size=&#8221;16&#8243; button_border_width=&#8221;2&#8243; button_border_radius=&#8221;0&#8243; button_letter_spacing=&#8221;0&#8243; button_use_icon=&#8221;default&#8221; button_icon_placement=&#8221;right&#8221; button_on_hover=&#8221;on&#8221; button_border_radius_hover=&#8221;0&#8243; button_letter_spacing_hover=&#8221;0&#8243;]<br \/>\n[\/et_pb_cta][\/et_pb_column][\/et_pb_row][\/et_pb_section]<\/p>\n","protected":false},"excerpt":{"rendered":"<p>Ministry for Innovation, Science and Research of North-Rhine Westphalia Funded by the NRW-EU Objective 2 program within the &#8220;European Regional Development Fund&#8221; (ERDF). Collaborative project: Development of second generaion TKI and diagnostics for personalized treatment of patients with EGFR and FGFR-dependent tumors (coordinator Roman Thomas). Partners: University of Cologne (Roman Thomas, Reinhard B\u00fcttner, J\u00fcrgen Wolf), [&hellip;]<\/p>\n","protected":false},"author":7,"featured_media":0,"parent":1381,"menu_order":0,"comment_status":"closed","ping_status":"closed","template":"","meta":{"_et_pb_use_builder":"on","_et_pb_old_content":"","_et_gb_content_width":""},"kontext":[],"_links":{"self":[{"href":"https:\/\/ngm-cancer.com\/en\/wp-json\/wp\/v2\/pages\/1387"}],"collection":[{"href":"https:\/\/ngm-cancer.com\/en\/wp-json\/wp\/v2\/pages"}],"about":[{"href":"https:\/\/ngm-cancer.com\/en\/wp-json\/wp\/v2\/types\/page"}],"author":[{"embeddable":true,"href":"https:\/\/ngm-cancer.com\/en\/wp-json\/wp\/v2\/users\/7"}],"replies":[{"embeddable":true,"href":"https:\/\/ngm-cancer.com\/en\/wp-json\/wp\/v2\/comments?post=1387"}],"version-history":[{"count":0,"href":"https:\/\/ngm-cancer.com\/en\/wp-json\/wp\/v2\/pages\/1387\/revisions"}],"up":[{"embeddable":true,"href":"https:\/\/ngm-cancer.com\/en\/wp-json\/wp\/v2\/pages\/1381"}],"wp:attachment":[{"href":"https:\/\/ngm-cancer.com\/en\/wp-json\/wp\/v2\/media?parent=1387"}],"wp:term":[{"taxonomy":"kontext","embeddable":true,"href":"https:\/\/ngm-cancer.com\/en\/wp-json\/wp\/v2\/kontext?post=1387"}],"curies":[{"name":"wp","href":"https:\/\/api.w.org\/{rel}","templated":true}]}}